{"id":3984,"date":"2025-06-17T15:56:42","date_gmt":"2025-06-17T15:56:42","guid":{"rendered":"https:\/\/brendi.rs\/?page_id=3984"},"modified":"2025-09-04T09:41:27","modified_gmt":"2025-09-04T09:41:27","slug":"dizajn","status":"publish","type":"page","link":"https:\/\/brendi.rs\/en\/dizajn\/","title":{"rendered":"Design"},"content":{"rendered":"<div data-elementor-type=\"wp-page\" data-elementor-id=\"3984\" class=\"elementor elementor-3984\" data-elementor-post-type=\"page\">\n\t\t\t\t<div class=\"elementor-element elementor-element-bbb7a35 e-flex e-con-boxed e-con e-parent\" data-id=\"bbb7a35\" data-element_type=\"container\" data-e-type=\"container\" id=\"particles-hero\" data-settings=\"{&quot;background_background&quot;:&quot;classic&quot;}\">\n\t\t\t\t\t<div class=\"e-con-inner\">\n\t\t\t\t<div class=\"elementor-element elementor-element-59603b2 elementor-widget elementor-widget-heading\" data-id=\"59603b2\" data-element_type=\"widget\" data-e-type=\"widget\" data-widget_type=\"heading.default\">\n\t\t\t\t\t<h2 class=\"elementor-heading-title elementor-size-default\">Are you making an <span style=\"color:#00FFD5\">impact<br><\/span>\nor just another name in the market?\n<\/h2>\t\t\t\t<\/div>\n\t\t\t\t<div class=\"elementor-element elementor-element-aa8a549 elementor-widget elementor-widget-text-editor\" data-id=\"aa8a549\" data-element_type=\"widget\" data-e-type=\"widget\" data-widget_type=\"text-editor.default\">\n\t\t\t\t\t\t\t\t\t<p><b>Following the crowd is dull.<\/b><br \/><br \/>Be unique, not just another face in the crowd!<\/p>\t\t\t\t\t\t\t\t<\/div>\n\t\t\t\t<div class=\"elementor-element elementor-element-160f5bc elementor-align-center elementor-mobile-align-center elementor-widget elementor-widget-button\" data-id=\"160f5bc\" data-element_type=\"widget\" data-e-type=\"widget\" data-widget_type=\"button.default\">\n\t\t\t\t\t\t\t\t\t\t<a class=\"elementor-button elementor-button-link elementor-size-sm elementor-animation-grow\" href=\"tel:+381605619444\">\n\t\t\t\t\t\t<span class=\"elementor-button-content-wrapper\">\n\t\t\t\t\t\t\t\t\t<span class=\"elementor-button-text\">Schedule a Free Call<\/span>\n\t\t\t\t\t<\/span>\n\t\t\t\t\t<\/a>\n\t\t\t\t\t\t\t\t<\/div>\n\t\t\t\t\t<\/div>\n\t\t\t\t<\/div>\n\t\t\t\t<section class=\"elementor-section elementor-top-section elementor-element elementor-element-25b5b3f elementor-section-boxed elementor-section-height-default elementor-section-height-default\" data-id=\"25b5b3f\" data-element_type=\"section\" data-e-type=\"section\" data-settings=\"{&quot;background_background&quot;:&quot;classic&quot;}\">\n\t\t\t\t\t\t<div class=\"elementor-container elementor-column-gap-no\">\n\t\t\t\t\t<div class=\"elementor-column elementor-col-100 elementor-top-column elementor-element elementor-element-0c26df5\" data-id=\"0c26df5\" data-element_type=\"column\" data-e-type=\"column\">\n\t\t\t<div class=\"elementor-widget-wrap elementor-element-populated\">\n\t\t\t\t\t\t<div class=\"elementor-element elementor-element-5dc908e elementor-widget elementor-widget-heading\" data-id=\"5dc908e\" data-element_type=\"widget\" data-e-type=\"widget\" data-widget_type=\"heading.default\">\n\t\t\t\t\t<h2 class=\"elementor-heading-title elementor-size-default\">\nWhy good design is crucial for you? <\/h2>\t\t\t\t<\/div>\n\t\t\t\t<section class=\"elementor-section elementor-inner-section elementor-element elementor-element-3fb680d elementor-section-boxed elementor-section-height-default elementor-section-height-default\" data-id=\"3fb680d\" data-element_type=\"section\" data-e-type=\"section\">\n\t\t\t\t\t\t<div class=\"elementor-container elementor-column-gap-default\">\n\t\t\t\t\t<div class=\"elementor-column elementor-col-100 elementor-inner-column elementor-element elementor-element-ea79a71\" data-id=\"ea79a71\" data-element_type=\"column\" data-e-type=\"column\">\n\t\t\t<div class=\"elementor-widget-wrap elementor-element-populated\">\n\t\t\t\t\t\t<div class=\"elementor-element elementor-element-d231dc0 elementor-widget elementor-widget-text-editor\" data-id=\"d231dc0\" data-element_type=\"widget\" data-e-type=\"widget\" data-widget_type=\"text-editor.default\">\n\t\t\t\t\t\t\t\t\t<p data-start=\"1688\" data-end=\"1770\"><span style=\"color: #00ffd5;\">Design shapes the first impression your clients form about your brand.<\/span><br \/><br \/>A professionally crafted visual identity, website, or graphic material tells your clients you are serious, trustworthy, and here to make a lasting impression.<br \/>Effective design grabs attention, distinguishes you from competitors, and creates a brand that sticks in people\u2019s minds<br \/><br \/><br \/><b>Design isn\u2019t a cost \u2014 it\u2019s an investment that builds trust, loyalty, and drives success. <\/b><\/p>\t\t\t\t\t\t\t\t<\/div>\n\t\t\t\t\t<\/div>\n\t\t<\/div>\n\t\t\t\t\t<\/div>\n\t\t<\/section>\n\t\t\t\t\t<\/div>\n\t\t<\/div>\n\t\t\t\t\t<\/div>\n\t\t<\/section>\n\t\t<div class=\"elementor-element elementor-element-1311bae e-flex e-con-boxed e-con e-parent\" data-id=\"1311bae\" data-element_type=\"container\" data-e-type=\"container\" data-settings=\"{&quot;background_background&quot;:&quot;classic&quot;}\">\n\t\t\t\t\t<div class=\"e-con-inner\">\n\t\t<div class=\"elementor-element elementor-element-5b93e6d e-con-full e-flex e-con e-child\" data-id=\"5b93e6d\" data-element_type=\"container\" data-e-type=\"container\" data-settings=\"{&quot;background_background&quot;:&quot;classic&quot;}\">\n\t\t<div class=\"elementor-element elementor-element-af5f23c e-con-full e-flex e-con e-child\" data-id=\"af5f23c\" data-element_type=\"container\" data-e-type=\"container\" data-settings=\"{&quot;background_background&quot;:&quot;classic&quot;}\">\n\t\t\t\t<div class=\"elementor-element elementor-element-2a3f67b elementor-widget elementor-widget-heading\" data-id=\"2a3f67b\" data-element_type=\"widget\" data-e-type=\"widget\" data-widget_type=\"heading.default\">\n\t\t\t\t\t<h2 class=\"elementor-heading-title elementor-size-default\">Learn more about our services<\/h2>\t\t\t\t<\/div>\n\t\t\t\t<div class=\"elementor-element elementor-element-20dc1b4 elementor-widget elementor-widget-text-editor\" data-id=\"20dc1b4\" data-element_type=\"widget\" data-e-type=\"widget\" data-widget_type=\"text-editor.default\">\n\t\t\t\t\t\t\t\t\t<p>These are the main categories of services we provide, but every strategy is tailored to your specific needs.<br \/>Contact us for more information and to create a plan together that will advance your business.<\/p>\t\t\t\t\t\t\t\t<\/div>\n\t\t\t\t<\/div>\n\t\t\t\t<\/div>\n\t\t<div class=\"elementor-element elementor-element-55f39dd e-con-full e-flex e-con e-child\" data-id=\"55f39dd\" data-element_type=\"container\" data-e-type=\"container\">\n\t\t<div class=\"elementor-element elementor-element-d604303 e-con-full e-flex e-con e-child\" data-id=\"d604303\" data-element_type=\"container\" data-e-type=\"container\" data-settings=\"{&quot;background_background&quot;:&quot;classic&quot;}\">\n\t\t\t\t<div class=\"elementor-element elementor-element-98e7a7b elementor-view-stacked elementor-shape-circle elementor-position-block-start elementor-mobile-position-block-start elementor-widget elementor-widget-icon-box\" data-id=\"98e7a7b\" data-element_type=\"widget\" data-e-type=\"widget\" data-widget_type=\"icon-box.default\">\n\t\t\t\t\t\t\t<div class=\"elementor-icon-box-wrapper\">\n\n\t\t\t\t\t\t<div class=\"elementor-icon-box-icon\">\n\t\t\t\t<span  class=\"elementor-icon\">\n\t\t\t\t<svg aria-hidden=\"true\" class=\"e-font-icon-svg e-fas-pen-nib\" viewbox=\"0 0 512 512\" xmlns=\"http:\/\/www.w3.org\/2000\/svg\"><path d=\"M136.6 138.79a64.003 64.003 0 0 0-43.31 41.35L0 460l14.69 14.69L164.8 324.58c-2.99-6.26-4.8-13.18-4.8-20.58 0-26.51 21.49-48 48-48s48 21.49 48 48-21.49 48-48 48c-7.4 0-14.32-1.81-20.58-4.8L37.31 497.31 52 512l279.86-93.29a64.003 64.003 0 0 0 41.35-43.31L416 224 288 96l-151.4 42.79zm361.34-64.62l-60.11-60.11c-18.75-18.75-49.16-18.75-67.91 0l-56.55 56.55 128.02 128.02 56.55-56.55c18.75-18.75 18.75-49.15 0-67.91z\"><\/path><\/svg>\t\t\t\t<\/span>\n\t\t\t<\/div>\n\t\t\t\n\t\t\t\t\t\t<div class=\"elementor-icon-box-content\">\n\n\t\t\t\t\t\t\t\t\t<h3 class=\"elementor-icon-box-title\">\n\t\t\t\t\t\t<span  >\n\t\t\t\t\t\t\tGraphic Design \t\t\t\t\t\t<\/span>\n\t\t\t\t\t<\/h3>\n\t\t\t\t\n\t\t\t\t\t\t\t\t\t<p class=\"elementor-icon-box-description\">\n\t\t\t\t\t\tVisual identity designed to make a memorable and lasting impact. \t\t\t\t\t<\/p>\n\t\t\t\t\n\t\t\t<\/div>\n\t\t\t\n\t\t<\/div>\n\t\t\t\t\t\t<\/div>\n\t\t\t\t<div class=\"elementor-element elementor-element-68afc38 elementor-align-center elementor-mobile-align-center elementor-widget elementor-widget-button\" data-id=\"68afc38\" data-element_type=\"widget\" data-e-type=\"widget\" data-widget_type=\"button.default\">\n\t\t\t\t\t\t\t\t\t\t<a class=\"elementor-button elementor-button-link elementor-size-sm elementor-animation-grow\" href=\"https:\/\/brendi.rs\/en\/graficki-dizajn\/\">\n\t\t\t\t\t\t<span class=\"elementor-button-content-wrapper\">\n\t\t\t\t\t\t\t\t\t<span class=\"elementor-button-text\">More<\/span>\n\t\t\t\t\t<\/span>\n\t\t\t\t\t<\/a>\n\t\t\t\t\t\t\t\t<\/div>\n\t\t\t\t<\/div>\n\t\t<div class=\"elementor-element elementor-element-9b20914 e-con-full e-flex e-con e-child\" data-id=\"9b20914\" data-element_type=\"container\" data-e-type=\"container\" data-settings=\"{&quot;background_background&quot;:&quot;classic&quot;}\">\n\t\t\t\t<div class=\"elementor-element elementor-element-f39055c elementor-view-stacked elementor-shape-circle elementor-position-block-start elementor-mobile-position-block-start elementor-widget elementor-widget-icon-box\" data-id=\"f39055c\" data-element_type=\"widget\" data-e-type=\"widget\" data-widget_type=\"icon-box.default\">\n\t\t\t\t\t\t\t<div class=\"elementor-icon-box-wrapper\">\n\n\t\t\t\t\t\t<div class=\"elementor-icon-box-icon\">\n\t\t\t\t<span  class=\"elementor-icon\">\n\t\t\t\t<svg aria-hidden=\"true\" class=\"e-font-icon-svg e-fas-globe\" viewbox=\"0 0 496 512\" xmlns=\"http:\/\/www.w3.org\/2000\/svg\"><path d=\"M336.5 160C322 70.7 287.8 8 248 8s-74 62.7-88.5 152h177zM152 256c0 22.2 1.2 43.5 3.3 64h185.3c2.1-20.5 3.3-41.8 3.3-64s-1.2-43.5-3.3-64H155.3c-2.1 20.5-3.3 41.8-3.3 64zm324.7-96c-28.6-67.9-86.5-120.4-158-141.6 24.4 33.8 41.2 84.7 50 141.6h108zM177.2 18.4C105.8 39.6 47.8 92.1 19.3 160h108c8.7-56.9 25.5-107.8 49.9-141.6zM487.4 192H372.7c2.1 21 3.3 42.5 3.3 64s-1.2 43-3.3 64h114.6c5.5-20.5 8.6-41.8 8.6-64s-3.1-43.5-8.5-64zM120 256c0-21.5 1.2-43 3.3-64H8.6C3.2 212.5 0 233.8 0 256s3.2 43.5 8.6 64h114.6c-2-21-3.2-42.5-3.2-64zm39.5 96c14.5 89.3 48.7 152 88.5 152s74-62.7 88.5-152h-177zm159.3 141.6c71.4-21.2 129.4-73.7 158-141.6h-108c-8.8 56.9-25.6 107.8-50 141.6zM19.3 352c28.6 67.9 86.5 120.4 158 141.6-24.4-33.8-41.2-84.7-50-141.6h-108z\"><\/path><\/svg>\t\t\t\t<\/span>\n\t\t\t<\/div>\n\t\t\t\n\t\t\t\t\t\t<div class=\"elementor-icon-box-content\">\n\n\t\t\t\t\t\t\t\t\t<h3 class=\"elementor-icon-box-title\">\n\t\t\t\t\t\t<span  >\n\t\t\t\t\t\t\tWeb design \t\t\t\t\t\t<\/span>\n\t\t\t\t\t<\/h3>\n\t\t\t\t\n\t\t\t\t\t\t\t\t\t<p class=\"elementor-icon-box-description\">\n\t\t\t\t\t\tAttractive, functional websites designed to create memorable user experiences. \t\t\t\t\t<\/p>\n\t\t\t\t\n\t\t\t<\/div>\n\t\t\t\n\t\t<\/div>\n\t\t\t\t\t\t<\/div>\n\t\t\t\t<div class=\"elementor-element elementor-element-4489bc1 elementor-align-center elementor-mobile-align-center elementor-widget elementor-widget-button\" data-id=\"4489bc1\" data-element_type=\"widget\" data-e-type=\"widget\" data-widget_type=\"button.default\">\n\t\t\t\t\t\t\t\t\t\t<a class=\"elementor-button elementor-button-link elementor-size-sm elementor-animation-grow\" href=\"https:\/\/brendi.rs\/en\/web-dizajn\/\">\n\t\t\t\t\t\t<span class=\"elementor-button-content-wrapper\">\n\t\t\t\t\t\t\t\t\t<span class=\"elementor-button-text\">More<\/span>\n\t\t\t\t\t<\/span>\n\t\t\t\t\t<\/a>\n\t\t\t\t\t\t\t\t<\/div>\n\t\t\t\t<\/div>\n\t\t\t\t<\/div>\n\t\t\t\t\t<\/div>\n\t\t\t\t<\/div>\n\t\t\t\t<\/div>","protected":false},"excerpt":{"rendered":"<p>Da li se tvoj posao isti\u010de ili si samo jo\u0161 jedan u masi? Masa je dosadna. Ne budi jedan od njih! Zaka\u017ei besplatan poziv Za\u0161to je dizajn bitan za tebe? Dizajn je prvi utisak koji tvoji klijenti steknu o tvom poslu. Profesionalno osmi\u0161ljen vizuelni identitet, sajt ili grafi\u010dki materijal \u0161alju jasnu poruku \u2013 da si [&hellip;]<\/p>\n","protected":false},"author":1,"featured_media":0,"parent":0,"menu_order":0,"comment_status":"closed","ping_status":"closed","template":"","meta":{"footnotes":""},"class_list":["post-3984","page","type-page","status-publish","hentry"],"_links":{"self":[{"href":"https:\/\/brendi.rs\/en\/wp-json\/wp\/v2\/pages\/3984","targetHints":{"allow":["GET"]}}],"collection":[{"href":"https:\/\/brendi.rs\/en\/wp-json\/wp\/v2\/pages"}],"about":[{"href":"https:\/\/brendi.rs\/en\/wp-json\/wp\/v2\/types\/page"}],"author":[{"embeddable":true,"href":"https:\/\/brendi.rs\/en\/wp-json\/wp\/v2\/users\/1"}],"replies":[{"embeddable":true,"href":"https:\/\/brendi.rs\/en\/wp-json\/wp\/v2\/comments?post=3984"}],"version-history":[{"count":0,"href":"https:\/\/brendi.rs\/en\/wp-json\/wp\/v2\/pages\/3984\/revisions"}],"wp:attachment":[{"href":"https:\/\/brendi.rs\/en\/wp-json\/wp\/v2\/media?parent=3984"}],"curies":[{"name":"wp","href":"https:\/\/api.w.org\/{rel}","templated":true}]}}